{"id":374,"date":"2025-02-11T10:06:09","date_gmt":"2025-02-11T09:06:09","guid":{"rendered":"https:\/\/www.ellipse-creations.fr\/?page_id=374"},"modified":"2025-11-19T08:46:21","modified_gmt":"2025-11-19T07:46:21","slug":"pots-a-crayons-6-2","status":"publish","type":"page","link":"https:\/\/www.ellipse-creations.fr\/index.php\/pots-a-crayons-6-2\/","title":{"rendered":"Pots \u00e0 senteurs"},"content":{"rendered":"\n<div class=\"wp-block-group alignwide has-global-padding is-layout-constrained wp-block-group-is-layout-constrained\">\n<h3 class=\"wp-block-heading has-text-align-center has-contrast-color has-text-color has-link-color wp-elements-5e327fefad3fc83efe2b519b65a3ad77\" style=\"font-size:clamp(14px, 0.875rem + ((1vw - 3.2px) * 0.625), 20px);\">pour la c\u00e9r\u00e9monie de <em>Havdala<\/em> du samedi soir de la tradition juive,<br> un magnifique objet dans lequel je mets de l\u2019anis \u00e9toil\u00e9,<br>pour donner tout son cachet \u00e0 la b\u00e9n\u00e9diction sur les senteurs (<em>Bessamim<\/em>)<\/h3>\n\n\n\n<figure class=\"wp-block-image aligncenter size-large is-resized is-style-rounded is-style-rounded--1\"><img loading=\"lazy\" decoding=\"async\" width=\"1024\" height=\"768\" src=\"http:\/\/www.ellipse-creations.fr\/wp-content\/uploads\/2025\/03\/Pot-a-senteurs-Noeuds-et-foulards-3-1024x768.jpg\" alt=\"\" class=\"wp-image-665\" style=\"width:359px;height:auto\" srcset=\"https:\/\/www.ellipse-creations.fr\/wp-content\/uploads\/2025\/03\/Pot-a-senteurs-Noeuds-et-foulards-3-1024x768.jpg 1024w, https:\/\/www.ellipse-creations.fr\/wp-content\/uploads\/2025\/03\/Pot-a-senteurs-Noeuds-et-foulards-3-300x225.jpg 300w, https:\/\/www.ellipse-creations.fr\/wp-content\/uploads\/2025\/03\/Pot-a-senteurs-Noeuds-et-foulards-3-768x576.jpg 768w, https:\/\/www.ellipse-creations.fr\/wp-content\/uploads\/2025\/03\/Pot-a-senteurs-Noeuds-et-foulards-3-1536x1152.jpg 1536w, https:\/\/www.ellipse-creations.fr\/wp-content\/uploads\/2025\/03\/Pot-a-senteurs-Noeuds-et-foulards-3.jpg 2016w\" sizes=\"auto, (max-width: 1024px) 100vw, 1024px\" \/><\/figure>\n<\/div>\n\n\n\n<div class=\"wp-block-group alignwide has-global-padding is-layout-constrained wp-block-group-is-layout-constrained\">\n<p><strong>Forme<\/strong> : cylindrique<br><strong>Taille standard :<\/strong> hauteur = 8,5 cm \/ diam\u00e8tre = 6,4 cm<br><strong>Papier :<\/strong> je conseille 2 papiers qui rendent magnifiquement<br><strong>Prix : <\/strong>80 \u20ac (7 heures de travail \u2013 compos\u00e9 de 24 pi\u00e8ces)<\/p>\n<\/div>\n\n\n\n<div class=\"wp-block-columns is-layout-flex wp-container-core-columns-is-layout-28f84493 wp-block-columns-is-layout-flex\">\n<div class=\"wp-block-column is-layout-flow wp-block-column-is-layout-flow\">\n<div class=\"wp-block-columns is-layout-flex wp-container-core-columns-is-layout-28f84493 wp-block-columns-is-layout-flex\">\n<div class=\"wp-block-column is-layout-flow wp-block-column-is-layout-flow\">\n<p class=\"has-text-align-center has-text-color has-link-color wp-elements-3731fe3ca79db2b75b5db75e41ad26a1\" style=\"color:#0066ff;font-size:clamp(0.875rem, 0.875rem + ((1vw - 0.2rem) * 0.542), 1.2rem);\"><strong>N\u0153uds &amp; Foulards<\/strong><\/p>\n\n\n\n<figure class=\"wp-block-image size-large\"><img loading=\"lazy\" decoding=\"async\" width=\"768\" height=\"1024\" src=\"http:\/\/www.ellipse-creations.fr\/wp-content\/uploads\/2025\/03\/Pot-a-senteurs-Noeuds-et-foulards-4-768x1024.jpg\" alt=\"\" class=\"wp-image-672\" srcset=\"https:\/\/www.ellipse-creations.fr\/wp-content\/uploads\/2025\/03\/Pot-a-senteurs-Noeuds-et-foulards-4-768x1024.jpg 768w, https:\/\/www.ellipse-creations.fr\/wp-content\/uploads\/2025\/03\/Pot-a-senteurs-Noeuds-et-foulards-4-225x300.jpg 225w, https:\/\/www.ellipse-creations.fr\/wp-content\/uploads\/2025\/03\/Pot-a-senteurs-Noeuds-et-foulards-4-1152x1536.jpg 1152w, https:\/\/www.ellipse-creations.fr\/wp-content\/uploads\/2025\/03\/Pot-a-senteurs-Noeuds-et-foulards-4.jpg 1512w\" sizes=\"auto, (max-width: 768px) 100vw, 768px\" \/><\/figure>\n<\/div>\n\n\n\n<div class=\"wp-block-column is-layout-flow wp-block-column-is-layout-flow\">\n<p class=\"has-text-align-center has-text-color has-link-color wp-elements-4c2a8c3d7909a91e41015f9b48b409b9\" style=\"color:#0066ff;font-size:clamp(0.875rem, 0.875rem + ((1vw - 0.2rem) * 0.542), 1.2rem);\"><strong>Kimono<\/strong><\/p>\n\n\n\n<figure class=\"wp-block-image size-large\"><img loading=\"lazy\" decoding=\"async\" width=\"768\" height=\"1024\" src=\"http:\/\/www.ellipse-creations.fr\/wp-content\/uploads\/2025\/03\/Pot-a-senteurs-Kimono-768x1024.jpg\" alt=\"\" class=\"wp-image-656\" srcset=\"https:\/\/www.ellipse-creations.fr\/wp-content\/uploads\/2025\/03\/Pot-a-senteurs-Kimono-768x1024.jpg 768w, https:\/\/www.ellipse-creations.fr\/wp-content\/uploads\/2025\/03\/Pot-a-senteurs-Kimono-225x300.jpg 225w, https:\/\/www.ellipse-creations.fr\/wp-content\/uploads\/2025\/03\/Pot-a-senteurs-Kimono-1152x1536.jpg 1152w, https:\/\/www.ellipse-creations.fr\/wp-content\/uploads\/2025\/03\/Pot-a-senteurs-Kimono.jpg 1512w\" sizes=\"auto, (max-width: 768px) 100vw, 768px\" \/><\/figure>\n<\/div>\n<\/div>\n<\/div>\n<\/div>\n\n\n\n<div class=\"wp-block-columns is-layout-flex wp-container-core-columns-is-layout-28f84493 wp-block-columns-is-layout-flex\">\n<div class=\"wp-block-column is-layout-flow wp-block-column-is-layout-flow\">\n<p><\/p>\n<\/div>\n<\/div>\n\n\n\n<p class=\"has-text-align-left\">Voir aussi dans la rubrique \u00ab\u00a0Pots \u00e0 Th\u00e9\u00a0\u00bb. Les pots m\u00e9talliques (totalement herm\u00e9tiques) de diam\u00e8tre 6,5 cm, habill\u00e9s de papier japonais, font parfaitement l&rsquo;affaire pour de magnifiques pots \u00e0 <em>Havdala<\/em>.<\/p>\n\n\n\n<p><\/p>\n","protected":false},"excerpt":{"rendered":"<p>pour la c\u00e9r\u00e9monie de Havdala du samedi soir de la tradition juive, un magnifique objet dans lequel je mets de l\u2019anis \u00e9toil\u00e9,pour donner tout son cachet \u00e0 la b\u00e9n\u00e9diction sur les senteurs (Bessamim) Forme : cylindriqueTaille standard : hauteur = 8,5 cm \/ diam\u00e8tre = 6,4 cmPapier : je conseille 2 papiers qui rendent magnifiquementPrix [&hellip;]<\/p>\n","protected":false},"author":1,"featured_media":0,"parent":0,"menu_order":0,"comment_status":"closed","ping_status":"closed","template":"","meta":{"footnotes":""},"class_list":["post-374","page","type-page","status-publish","hentry"],"_links":{"self":[{"href":"https:\/\/www.ellipse-creations.fr\/index.php\/wp-json\/wp\/v2\/pages\/374","targetHints":{"allow":["GET"]}}],"collection":[{"href":"https:\/\/www.ellipse-creations.fr\/index.php\/wp-json\/wp\/v2\/pages"}],"about":[{"href":"https:\/\/www.ellipse-creations.fr\/index.php\/wp-json\/wp\/v2\/types\/page"}],"author":[{"embeddable":true,"href":"https:\/\/www.ellipse-creations.fr\/index.php\/wp-json\/wp\/v2\/users\/1"}],"replies":[{"embeddable":true,"href":"https:\/\/www.ellipse-creations.fr\/index.php\/wp-json\/wp\/v2\/comments?post=374"}],"version-history":[{"count":20,"href":"https:\/\/www.ellipse-creations.fr\/index.php\/wp-json\/wp\/v2\/pages\/374\/revisions"}],"predecessor-version":[{"id":979,"href":"https:\/\/www.ellipse-creations.fr\/index.php\/wp-json\/wp\/v2\/pages\/374\/revisions\/979"}],"wp:attachment":[{"href":"https:\/\/www.ellipse-creations.fr\/index.php\/wp-json\/wp\/v2\/media?parent=374"}],"curies":[{"name":"wp","href":"https:\/\/api.w.org\/{rel}","templated":true}]}}