{"id":3,"date":"2024-12-05T16:18:50","date_gmt":"2024-12-05T15:18:50","guid":{"rendered":"http:\/\/www.ellipse-creations.fr\/?page_id=3"},"modified":"2025-02-25T18:43:18","modified_gmt":"2025-02-25T17:43:18","slug":"politique-de-confidentialite","status":"publish","type":"page","link":"https:\/\/www.ellipse-creations.fr\/index.php\/politique-de-confidentialite\/","title":{"rendered":"Politique de confidentialit\u00e9"},"content":{"rendered":"\n<h2 class=\"wp-block-heading\">Qui sommes-nous&nbsp;?<\/h2>\n\n\n\n<p>L\u2019adresse de notre site est\u00a0: http:\/\/www.ellipse-creations.fr.<\/p>\n\n\n\n<h2 class=\"wp-block-heading\">Cookies<\/h2>\n\n\n\n<p>Le site n&rsquo;utilise pas de cookies.<\/p>\n\n\n\n<h2 class=\"wp-block-heading\">Utilisation et transmission de vos donn\u00e9es personnelles<\/h2>\n\n\n\n<p>Les donn\u00e9es du formulaire de contact sont uniquement utilis\u00e9es pour vous r\u00e9pondre. Elles ne sont ni transmises, ni vendues.<\/p>\n\n\n\n<p>Nous les utilisons uniquement afin de r\u00e9pondre \u00e0 votre demande. <\/p>\n\n\n\n<p>Vous pouvez nous demander de les d\u00e9truire.<\/p>\n","protected":false},"excerpt":{"rendered":"<p>Qui sommes-nous&nbsp;? L\u2019adresse de notre site est\u00a0: http:\/\/www.ellipse-creations.fr. Cookies Le site n&rsquo;utilise pas de cookies. Utilisation et transmission de vos donn\u00e9es personnelles Les donn\u00e9es du formulaire de contact sont uniquement utilis\u00e9es pour vous r\u00e9pondre. Elles ne sont ni transmises, ni vendues. Nous les utilisons uniquement afin de r\u00e9pondre \u00e0 votre demande. Vous pouvez nous demander [&hellip;]<\/p>\n","protected":false},"author":1,"featured_media":0,"parent":0,"menu_order":0,"comment_status":"closed","ping_status":"open","template":"","meta":{"footnotes":""},"class_list":["post-3","page","type-page","status-publish","hentry"],"_links":{"self":[{"href":"https:\/\/www.ellipse-creations.fr\/index.php\/wp-json\/wp\/v2\/pages\/3","targetHints":{"allow":["GET"]}}],"collection":[{"href":"https:\/\/www.ellipse-creations.fr\/index.php\/wp-json\/wp\/v2\/pages"}],"about":[{"href":"https:\/\/www.ellipse-creations.fr\/index.php\/wp-json\/wp\/v2\/types\/page"}],"author":[{"embeddable":true,"href":"https:\/\/www.ellipse-creations.fr\/index.php\/wp-json\/wp\/v2\/users\/1"}],"replies":[{"embeddable":true,"href":"https:\/\/www.ellipse-creations.fr\/index.php\/wp-json\/wp\/v2\/comments?post=3"}],"version-history":[{"count":1,"href":"https:\/\/www.ellipse-creations.fr\/index.php\/wp-json\/wp\/v2\/pages\/3\/revisions"}],"predecessor-version":[{"id":439,"href":"https:\/\/www.ellipse-creations.fr\/index.php\/wp-json\/wp\/v2\/pages\/3\/revisions\/439"}],"wp:attachment":[{"href":"https:\/\/www.ellipse-creations.fr\/index.php\/wp-json\/wp\/v2\/media?parent=3"}],"curies":[{"name":"wp","href":"https:\/\/api.w.org\/{rel}","templated":true}]}}