{"id":271,"date":"2025-02-10T17:33:02","date_gmt":"2025-02-10T16:33:02","guid":{"rendered":"https:\/\/www.ellipse-creations.fr\/?page_id=271"},"modified":"2025-03-20T22:44:37","modified_gmt":"2025-03-20T21:44:37","slug":"pots-a-crayons","status":"publish","type":"page","link":"https:\/\/www.ellipse-creations.fr\/index.php\/pots-a-crayons\/","title":{"rendered":"Pots \u00e0 th\u00e9"},"content":{"rendered":"\n<div class=\"wp-block-group alignwide has-global-padding is-layout-constrained wp-block-group-is-layout-constrained\">\n<h2 class=\"wp-block-heading has-text-align-center has-contrast-color has-text-color has-link-color wp-elements-f79088fbd6d8d0d5949f35c5d32acb82\" style=\"font-size:clamp(0.875rem, 0.875rem + ((1vw - 0.2rem) * 0.708), 1.3rem);\">ce sont les seuls objets que je propose qui ne sont pas en carton.<br>j\u2019utilise des bo\u00eetes japonaises <strong>herm\u00e9tiques<\/strong> en m\u00e9tal,<br>que j\u2019habille avec du papier<\/h2>\n\n\n\n<figure class=\"wp-block-image aligncenter size-full is-resized is-style-rounded is-style-rounded--1\"><img loading=\"lazy\" decoding=\"async\" width=\"1004\" height=\"522\" src=\"http:\/\/www.ellipse-creations.fr\/wp-content\/uploads\/2025\/02\/boite-the.png\" alt=\"\" class=\"wp-image-333\" style=\"width:400px\" srcset=\"https:\/\/www.ellipse-creations.fr\/wp-content\/uploads\/2025\/02\/boite-the.png 1004w, https:\/\/www.ellipse-creations.fr\/wp-content\/uploads\/2025\/02\/boite-the-300x156.png 300w, https:\/\/www.ellipse-creations.fr\/wp-content\/uploads\/2025\/02\/boite-the-768x399.png 768w\" sizes=\"auto, (max-width: 1004px) 100vw, 1004px\" \/><\/figure>\n<\/div>\n\n\n\n<div class=\"wp-block-group alignwide has-global-padding is-layout-constrained wp-block-group-is-layout-constrained\">\n<p><strong>Forme<\/strong> : cylindrique<br><strong>Taille standard :<\/strong> hauteur = 11,5 cm \/ diam\u00e8tre = 6,5 cm ou 8,5 cm<br><strong>Papier :<\/strong> grand choix de papiers<br><strong>Prix : <\/strong>25 \u20ac (diam. 6,5 cm) ou 30 \u20ac (diam. 8,5 cm)<\/p>\n\n\n\n<div style=\"height:12px\" aria-hidden=\"true\" class=\"wp-block-spacer\"><\/div>\n\n\n\n<div class=\"wp-block-columns is-layout-flex wp-container-core-columns-is-layout-28f84493 wp-block-columns-is-layout-flex\">\n<div class=\"wp-block-column is-layout-flow wp-block-column-is-layout-flow\">\n<p class=\"has-text-align-center has-text-color has-link-color wp-elements-e2a8749b5d005d2882dc7b4c3bf0cb10\" style=\"color:#0066ff;font-size:clamp(0.875rem, 0.875rem + ((1vw - 0.2rem) * 0.542), 1.2rem);\"><strong><strong>Calligraphie chinoise<\/strong><\/strong><\/p>\n\n\n\n<figure class=\"wp-block-image aligncenter size-large is-resized\"><img loading=\"lazy\" decoding=\"async\" width=\"768\" height=\"1024\" src=\"http:\/\/www.ellipse-creations.fr\/wp-content\/uploads\/2025\/02\/Pot-a-the-grand-Calligraphie-1-768x1024.jpg\" alt=\"\" class=\"wp-image-201\" style=\"width:305px\" srcset=\"https:\/\/www.ellipse-creations.fr\/wp-content\/uploads\/2025\/02\/Pot-a-the-grand-Calligraphie-1-768x1024.jpg 768w, https:\/\/www.ellipse-creations.fr\/wp-content\/uploads\/2025\/02\/Pot-a-the-grand-Calligraphie-1-225x300.jpg 225w, https:\/\/www.ellipse-creations.fr\/wp-content\/uploads\/2025\/02\/Pot-a-the-grand-Calligraphie-1-1152x1536.jpg 1152w, https:\/\/www.ellipse-creations.fr\/wp-content\/uploads\/2025\/02\/Pot-a-the-grand-Calligraphie-1.jpg 1512w\" sizes=\"auto, (max-width: 768px) 100vw, 768px\" \/><\/figure>\n<\/div>\n\n\n\n<div class=\"wp-block-column is-layout-flow wp-block-column-is-layout-flow\">\n<p class=\"has-text-align-center has-text-color has-link-color wp-elements-4c2a8c3d7909a91e41015f9b48b409b9\" style=\"color:#0066ff;font-size:clamp(0.875rem, 0.875rem + ((1vw - 0.2rem) * 0.542), 1.2rem);\"><strong>Kimono<\/strong><\/p>\n\n\n\n<figure class=\"wp-block-image aligncenter size-large is-resized\"><img loading=\"lazy\" decoding=\"async\" width=\"768\" height=\"1024\" src=\"http:\/\/www.ellipse-creations.fr\/wp-content\/uploads\/2025\/03\/Pot-a-the-Kimono-768x1024.jpg\" alt=\"\" class=\"wp-image-714\" style=\"width:300px\" srcset=\"https:\/\/www.ellipse-creations.fr\/wp-content\/uploads\/2025\/03\/Pot-a-the-Kimono-768x1024.jpg 768w, https:\/\/www.ellipse-creations.fr\/wp-content\/uploads\/2025\/03\/Pot-a-the-Kimono-225x300.jpg 225w, https:\/\/www.ellipse-creations.fr\/wp-content\/uploads\/2025\/03\/Pot-a-the-Kimono-1152x1536.jpg 1152w, https:\/\/www.ellipse-creations.fr\/wp-content\/uploads\/2025\/03\/Pot-a-the-Kimono.jpg 1512w\" sizes=\"auto, (max-width: 768px) 100vw, 768px\" \/><\/figure>\n<\/div>\n<\/div>\n\n\n\n<div style=\"height:14px\" aria-hidden=\"true\" class=\"wp-block-spacer\"><\/div>\n\n\n\n<p class=\"has-text-align-center has-text-color has-link-color wp-elements-6f611018d80c211538d2d7d947e479ba\" style=\"color:#0066ff;font-size:clamp(0.875rem, 0.875rem + ((1vw - 0.2rem) * 0.542), 1.2rem);\"><strong>Noeuds et Foulards<\/strong><\/p>\n\n\n\n<figure class=\"wp-block-image aligncenter size-large is-resized\"><img loading=\"lazy\" decoding=\"async\" width=\"768\" height=\"1024\" src=\"http:\/\/www.ellipse-creations.fr\/wp-content\/uploads\/2025\/03\/Pot-a-the-noeuds-foulards-768x1024.jpg\" alt=\"\" class=\"wp-image-713\" style=\"width:297px\" srcset=\"https:\/\/www.ellipse-creations.fr\/wp-content\/uploads\/2025\/03\/Pot-a-the-noeuds-foulards-768x1024.jpg 768w, https:\/\/www.ellipse-creations.fr\/wp-content\/uploads\/2025\/03\/Pot-a-the-noeuds-foulards-225x300.jpg 225w, https:\/\/www.ellipse-creations.fr\/wp-content\/uploads\/2025\/03\/Pot-a-the-noeuds-foulards-1152x1536.jpg 1152w, https:\/\/www.ellipse-creations.fr\/wp-content\/uploads\/2025\/03\/Pot-a-the-noeuds-foulards.jpg 1512w\" sizes=\"auto, (max-width: 768px) 100vw, 768px\" \/><\/figure>\n\n\n\n<div style=\"height:12px\" aria-hidden=\"true\" class=\"wp-block-spacer\"><\/div>\n\n\n\n<div class=\"wp-block-columns is-layout-flex wp-container-core-columns-is-layout-28f84493 wp-block-columns-is-layout-flex\">\n<div class=\"wp-block-column is-layout-flow wp-block-column-is-layout-flow\">\n<p class=\"has-text-align-center has-text-color has-link-color wp-elements-f90e6087b3dfc7f89b599334d5e3e118\" style=\"color:#0066ff;font-size:clamp(0.875rem, 0.875rem + ((1vw - 0.2rem) * 0.542), 1.2rem);\"><strong>Oies sauvages<\/strong><br>fond dor\u00e9, bleu et brun<\/p>\n<\/div>\n\n\n\n<div class=\"wp-block-column is-layout-flow wp-block-column-is-layout-flow\">\n<p class=\"has-text-align-center has-text-color has-link-color wp-elements-4545df60e16ca267723de9ee26e7f2ee\" style=\"color:#0066ff;font-size:clamp(0.875rem, 0.875rem + ((1vw - 0.2rem) * 0.542), 1.2rem);\"><strong>Hokusa\u00ef<\/strong><br>bleu marine<\/p>\n<\/div>\n<\/div>\n\n\n\n<div class=\"wp-block-columns is-layout-flex wp-container-core-columns-is-layout-28f84493 wp-block-columns-is-layout-flex\">\n<div class=\"wp-block-column is-layout-flow wp-block-column-is-layout-flow\">\n<figure class=\"wp-block-image aligncenter size-large is-resized\"><img loading=\"lazy\" decoding=\"async\" width=\"768\" height=\"1024\" src=\"http:\/\/www.ellipse-creations.fr\/wp-content\/uploads\/2025\/03\/Petit-Pot-the-oies-sauvages-768x1024.jpg\" alt=\"\" class=\"wp-image-933\" style=\"width:306px\" srcset=\"https:\/\/www.ellipse-creations.fr\/wp-content\/uploads\/2025\/03\/Petit-Pot-the-oies-sauvages-768x1024.jpg 768w, https:\/\/www.ellipse-creations.fr\/wp-content\/uploads\/2025\/03\/Petit-Pot-the-oies-sauvages-225x300.jpg 225w, https:\/\/www.ellipse-creations.fr\/wp-content\/uploads\/2025\/03\/Petit-Pot-the-oies-sauvages-1152x1536.jpg 1152w, https:\/\/www.ellipse-creations.fr\/wp-content\/uploads\/2025\/03\/Petit-Pot-the-oies-sauvages.jpg 1512w\" sizes=\"auto, (max-width: 768px) 100vw, 768px\" \/><\/figure>\n<\/div>\n\n\n\n<div class=\"wp-block-column is-layout-flow wp-block-column-is-layout-flow\">\n<figure class=\"wp-block-image aligncenter size-large is-resized\"><img loading=\"lazy\" decoding=\"async\" width=\"768\" height=\"1024\" src=\"http:\/\/www.ellipse-creations.fr\/wp-content\/uploads\/2025\/03\/Petit-Pot-the-Hokusai-768x1024.jpg\" alt=\"\" class=\"wp-image-932\" style=\"width:300px\" srcset=\"https:\/\/www.ellipse-creations.fr\/wp-content\/uploads\/2025\/03\/Petit-Pot-the-Hokusai-768x1024.jpg 768w, https:\/\/www.ellipse-creations.fr\/wp-content\/uploads\/2025\/03\/Petit-Pot-the-Hokusai-225x300.jpg 225w, https:\/\/www.ellipse-creations.fr\/wp-content\/uploads\/2025\/03\/Petit-Pot-the-Hokusai-1152x1536.jpg 1152w, https:\/\/www.ellipse-creations.fr\/wp-content\/uploads\/2025\/03\/Petit-Pot-the-Hokusai.jpg 1512w\" sizes=\"auto, (max-width: 768px) 100vw, 768px\" \/><\/figure>\n<\/div>\n<\/div>\n<\/div>\n\n\n\n<div style=\"height:12px\" aria-hidden=\"true\" class=\"wp-block-spacer\"><\/div>\n\n\n\n<div class=\"wp-block-columns is-layout-flex wp-container-core-columns-is-layout-28f84493 wp-block-columns-is-layout-flex\">\n<div class=\"wp-block-column is-layout-flow wp-block-column-is-layout-flow\">\n<p class=\"has-text-align-center has-text-color has-link-color wp-elements-d94a6a51453c4e08e094e8dc66909049\" style=\"color:#0066ff;font-size:clamp(0.875rem, 0.875rem + ((1vw - 0.2rem) * 0.542), 1.2rem);\"><strong>Grues dor\u00e9es<\/strong><br>fond bleu marine<\/p>\n\n\n\n<figure class=\"wp-block-image aligncenter size-large is-resized\"><img loading=\"lazy\" decoding=\"async\" width=\"768\" height=\"1024\" src=\"http:\/\/www.ellipse-creations.fr\/wp-content\/uploads\/2025\/03\/Petit-Pot-the-grues-bleu-matine-768x1024.jpg\" alt=\"\" class=\"wp-image-931\" style=\"width:300px\" srcset=\"https:\/\/www.ellipse-creations.fr\/wp-content\/uploads\/2025\/03\/Petit-Pot-the-grues-bleu-matine-768x1024.jpg 768w, https:\/\/www.ellipse-creations.fr\/wp-content\/uploads\/2025\/03\/Petit-Pot-the-grues-bleu-matine-225x300.jpg 225w, https:\/\/www.ellipse-creations.fr\/wp-content\/uploads\/2025\/03\/Petit-Pot-the-grues-bleu-matine-1152x1536.jpg 1152w, https:\/\/www.ellipse-creations.fr\/wp-content\/uploads\/2025\/03\/Petit-Pot-the-grues-bleu-matine.jpg 1512w\" sizes=\"auto, (max-width: 768px) 100vw, 768px\" \/><\/figure>\n<\/div>\n\n\n\n<div class=\"wp-block-column is-layout-flow wp-block-column-is-layout-flow\">\n<p class=\"has-text-align-center has-text-color has-link-color wp-elements-69592485c9b9330c7108eb0b71344dee\" style=\"color:#0066ff;font-size:clamp(0.875rem, 0.875rem + ((1vw - 0.2rem) * 0.542), 1.2rem);\"><strong>Grues dor\u00e9es<\/strong><br>fond bleu ciel<\/p>\n\n\n\n<figure class=\"wp-block-image aligncenter size-large is-resized\"><img loading=\"lazy\" decoding=\"async\" width=\"768\" height=\"1024\" src=\"http:\/\/www.ellipse-creations.fr\/wp-content\/uploads\/2025\/03\/Petit-Pot-the-grues-bleu-ciel-768x1024.jpg\" alt=\"\" class=\"wp-image-930\" style=\"width:300px\" srcset=\"https:\/\/www.ellipse-creations.fr\/wp-content\/uploads\/2025\/03\/Petit-Pot-the-grues-bleu-ciel-768x1024.jpg 768w, https:\/\/www.ellipse-creations.fr\/wp-content\/uploads\/2025\/03\/Petit-Pot-the-grues-bleu-ciel-225x300.jpg 225w, https:\/\/www.ellipse-creations.fr\/wp-content\/uploads\/2025\/03\/Petit-Pot-the-grues-bleu-ciel-1152x1536.jpg 1152w, https:\/\/www.ellipse-creations.fr\/wp-content\/uploads\/2025\/03\/Petit-Pot-the-grues-bleu-ciel.jpg 1512w\" sizes=\"auto, (max-width: 768px) 100vw, 768px\" \/><\/figure>\n<\/div>\n<\/div>\n\n\n\n<div style=\"height:12px\" aria-hidden=\"true\" class=\"wp-block-spacer\"><\/div>\n\n\n\n<div class=\"wp-block-columns is-layout-flex wp-container-core-columns-is-layout-28f84493 wp-block-columns-is-layout-flex\">\n<div class=\"wp-block-column is-layout-flow wp-block-column-is-layout-flow\">\n<p class=\"has-text-align-center has-text-color has-link-color wp-elements-d127d5511c2d626b9255116b149f6d68\" style=\"color:#0066ff;font-size:clamp(0.875rem, 0.875rem + ((1vw - 0.2rem) * 0.542), 1.2rem);\"><strong>Oiseaux dor\u00e9s<\/strong><br>fond bleu azur<\/p>\n\n\n\n<figure class=\"wp-block-image aligncenter size-large is-resized\"><img loading=\"lazy\" decoding=\"async\" width=\"768\" height=\"1024\" src=\"http:\/\/www.ellipse-creations.fr\/wp-content\/uploads\/2025\/03\/Petit-Pot-the-Oiseaux-dores-bleu-azur-768x1024.jpg\" alt=\"\" class=\"wp-image-939\" style=\"width:305px\" srcset=\"https:\/\/www.ellipse-creations.fr\/wp-content\/uploads\/2025\/03\/Petit-Pot-the-Oiseaux-dores-bleu-azur-768x1024.jpg 768w, https:\/\/www.ellipse-creations.fr\/wp-content\/uploads\/2025\/03\/Petit-Pot-the-Oiseaux-dores-bleu-azur-225x300.jpg 225w, https:\/\/www.ellipse-creations.fr\/wp-content\/uploads\/2025\/03\/Petit-Pot-the-Oiseaux-dores-bleu-azur-1152x1536.jpg 1152w, https:\/\/www.ellipse-creations.fr\/wp-content\/uploads\/2025\/03\/Petit-Pot-the-Oiseaux-dores-bleu-azur.jpg 1512w\" sizes=\"auto, (max-width: 768px) 100vw, 768px\" \/><\/figure>\n<\/div>\n\n\n\n<div class=\"wp-block-column is-layout-flow wp-block-column-is-layout-flow\">\n<p class=\"has-text-align-center has-text-color has-link-color wp-elements-aa4c5aae13602635713353320e4a492f\" style=\"color:#0066ff;font-size:clamp(0.875rem, 0.875rem + ((1vw - 0.2rem) * 0.542), 1.2rem);\"><strong>Vagues dor\u00e9es<\/strong><br>fond bleu profond<\/p>\n\n\n\n<figure class=\"wp-block-image size-large is-resized\"><img loading=\"lazy\" decoding=\"async\" width=\"768\" height=\"1024\" src=\"http:\/\/www.ellipse-creations.fr\/wp-content\/uploads\/2025\/03\/Petit-Pot-the-Vagues-dorees-768x1024.jpg\" alt=\"\" class=\"wp-image-942\" style=\"width:301px\" srcset=\"https:\/\/www.ellipse-creations.fr\/wp-content\/uploads\/2025\/03\/Petit-Pot-the-Vagues-dorees-768x1024.jpg 768w, https:\/\/www.ellipse-creations.fr\/wp-content\/uploads\/2025\/03\/Petit-Pot-the-Vagues-dorees-225x300.jpg 225w, https:\/\/www.ellipse-creations.fr\/wp-content\/uploads\/2025\/03\/Petit-Pot-the-Vagues-dorees-1152x1536.jpg 1152w, https:\/\/www.ellipse-creations.fr\/wp-content\/uploads\/2025\/03\/Petit-Pot-the-Vagues-dorees.jpg 1512w\" sizes=\"auto, (max-width: 768px) 100vw, 768px\" \/><\/figure>\n<\/div>\n<\/div>\n\n\n\n<div style=\"height:12px\" aria-hidden=\"true\" class=\"wp-block-spacer\"><\/div>\n\n\n\n<p class=\"has-text-align-center has-text-color has-link-color wp-elements-7390eed5d40330167380d470f0bc1734\" style=\"color:#0066ff;font-size:clamp(0.875rem, 0.875rem + ((1vw - 0.2rem) * 0.542), 1.2rem);\"><strong>Kimono<\/strong><br>fond bleu canard<\/p>\n\n\n\n<figure class=\"wp-block-image aligncenter size-large is-resized\"><img loading=\"lazy\" decoding=\"async\" width=\"768\" height=\"1024\" src=\"http:\/\/www.ellipse-creations.fr\/wp-content\/uploads\/2025\/03\/Petit-Pot-the-Kimono-768x1024.jpg\" alt=\"\" class=\"wp-image-940\" style=\"width:300px\" srcset=\"https:\/\/www.ellipse-creations.fr\/wp-content\/uploads\/2025\/03\/Petit-Pot-the-Kimono-768x1024.jpg 768w, https:\/\/www.ellipse-creations.fr\/wp-content\/uploads\/2025\/03\/Petit-Pot-the-Kimono-225x300.jpg 225w, https:\/\/www.ellipse-creations.fr\/wp-content\/uploads\/2025\/03\/Petit-Pot-the-Kimono-1152x1536.jpg 1152w, https:\/\/www.ellipse-creations.fr\/wp-content\/uploads\/2025\/03\/Petit-Pot-the-Kimono.jpg 1512w\" sizes=\"auto, (max-width: 768px) 100vw, 768px\" \/><\/figure>\n","protected":false},"excerpt":{"rendered":"<p>ce sont les seuls objets que je propose qui ne sont pas en carton.j\u2019utilise des bo\u00eetes japonaises herm\u00e9tiques en m\u00e9tal,que j\u2019habille avec du papier Forme : cylindriqueTaille standard : hauteur = 11,5 cm \/ diam\u00e8tre = 6,5 cm ou 8,5 cmPapier : grand choix de papiersPrix : 25 \u20ac (diam. 6,5 cm) ou 30 \u20ac [&hellip;]<\/p>\n","protected":false},"author":1,"featured_media":0,"parent":0,"menu_order":0,"comment_status":"closed","ping_status":"closed","template":"","meta":{"footnotes":""},"class_list":["post-271","page","type-page","status-publish","hentry"],"_links":{"self":[{"href":"https:\/\/www.ellipse-creations.fr\/index.php\/wp-json\/wp\/v2\/pages\/271","targetHints":{"allow":["GET"]}}],"collection":[{"href":"https:\/\/www.ellipse-creations.fr\/index.php\/wp-json\/wp\/v2\/pages"}],"about":[{"href":"https:\/\/www.ellipse-creations.fr\/index.php\/wp-json\/wp\/v2\/types\/page"}],"author":[{"embeddable":true,"href":"https:\/\/www.ellipse-creations.fr\/index.php\/wp-json\/wp\/v2\/users\/1"}],"replies":[{"embeddable":true,"href":"https:\/\/www.ellipse-creations.fr\/index.php\/wp-json\/wp\/v2\/comments?post=271"}],"version-history":[{"count":25,"href":"https:\/\/www.ellipse-creations.fr\/index.php\/wp-json\/wp\/v2\/pages\/271\/revisions"}],"predecessor-version":[{"id":949,"href":"https:\/\/www.ellipse-creations.fr\/index.php\/wp-json\/wp\/v2\/pages\/271\/revisions\/949"}],"wp:attachment":[{"href":"https:\/\/www.ellipse-creations.fr\/index.php\/wp-json\/wp\/v2\/media?parent=271"}],"curies":[{"name":"wp","href":"https:\/\/api.w.org\/{rel}","templated":true}]}}