{"id":270,"date":"2025-02-06T19:13:22","date_gmt":"2025-02-06T18:13:22","guid":{"rendered":"https:\/\/www.ellipse-creations.fr\/?page_id=270"},"modified":"2025-03-24T16:25:57","modified_gmt":"2025-03-24T15:25:57","slug":"pots-a-crayons-2","status":"publish","type":"page","link":"https:\/\/www.ellipse-creations.fr\/index.php\/pots-a-crayons-2\/","title":{"rendered":"Bo\u00eetes de mouchoirs"},"content":{"rendered":"\n<div class=\"wp-block-group alignwide has-global-padding is-layout-constrained wp-block-group-is-layout-constrained\">\n<h3 class=\"wp-block-heading has-text-align-center has-contrast-color has-text-color has-link-color wp-elements-51662bb34629d4007e806e6ce0037c98\" style=\"font-size:clamp(0.929rem, 0.929rem + ((1vw - 0.2rem) * 0.785), 1.4rem);\">plus exactement, bo\u00eetes pour contenir <br>les bo\u00eetes \u00e0 mouchoir du commerce<\/h3>\n\n\n\n<figure class=\"wp-block-image aligncenter size-full is-resized is-style-rounded is-style-rounded--1\"><img loading=\"lazy\" decoding=\"async\" width=\"640\" height=\"480\" src=\"http:\/\/www.ellipse-creations.fr\/wp-content\/uploads\/2025\/02\/Boite-mouchoirs-Grues-dorees-Vert-2.jpg\" alt=\"\" class=\"wp-image-178\" style=\"width:359px;height:auto\" srcset=\"https:\/\/www.ellipse-creations.fr\/wp-content\/uploads\/2025\/02\/Boite-mouchoirs-Grues-dorees-Vert-2.jpg 640w, https:\/\/www.ellipse-creations.fr\/wp-content\/uploads\/2025\/02\/Boite-mouchoirs-Grues-dorees-Vert-2-300x225.jpg 300w\" sizes=\"auto, (max-width: 640px) 100vw, 640px\" \/><\/figure>\n<\/div>\n\n\n\n<div class=\"wp-block-group alignwide has-global-padding is-layout-constrained wp-block-group-is-layout-constrained\">\n<p><strong>Format<\/strong> : rectangulaire<br><strong>Taille standard :<\/strong>  base = 24 x 13 cm  \/  hauteur = 8,5 cm<br><strong>Papier :<\/strong> je conseille 5 papiers qui rendent magnifiquement (voir les photos)<br><strong>Prix : <\/strong>50 &#8211; 60 \u20ac (6 heures de travail)<\/p>\n\n\n\n<p><strong>Variations :<\/strong><br>&#8211; dimensions calcul\u00e9es pour les bo\u00eetes du commerce de 150 mouchoirs <br>(base 22 x 11,5 cm \/ hauteur 7 cm)<br>&#8211; la taille de la bo\u00eete est ajustable \u00e0 la demande<\/p>\n\n\n\n<p><strong>Id\u00e9e :<\/strong> vous pouvez placer c\u00f4te \u00e0 c\u00f4te une bo\u00eete de mouchoirs et un pot \u00e0 crayons habill\u00e9s d\u2019un m\u00eame papier, \u00e7a a beaucoup de cachet.<\/p>\n\n\n\n<figure class=\"wp-block-image aligncenter size-large is-resized\"><img loading=\"lazy\" decoding=\"async\" width=\"1024\" height=\"768\" src=\"http:\/\/www.ellipse-creations.fr\/wp-content\/uploads\/2025\/02\/Boite-Mouchoirs-Mappemonde-2-1024x768.jpg\" alt=\"\" class=\"wp-image-517\" style=\"width:440px;height:auto\" srcset=\"https:\/\/www.ellipse-creations.fr\/wp-content\/uploads\/2025\/02\/Boite-Mouchoirs-Mappemonde-2-1024x768.jpg 1024w, https:\/\/www.ellipse-creations.fr\/wp-content\/uploads\/2025\/02\/Boite-Mouchoirs-Mappemonde-2-300x225.jpg 300w, https:\/\/www.ellipse-creations.fr\/wp-content\/uploads\/2025\/02\/Boite-Mouchoirs-Mappemonde-2-768x576.jpg 768w, https:\/\/www.ellipse-creations.fr\/wp-content\/uploads\/2025\/02\/Boite-Mouchoirs-Mappemonde-2-1536x1152.jpg 1536w, https:\/\/www.ellipse-creations.fr\/wp-content\/uploads\/2025\/02\/Boite-Mouchoirs-Mappemonde-2.jpg 2016w\" sizes=\"auto, (max-width: 1024px) 100vw, 1024px\" \/><\/figure>\n\n\n\n<div style=\"height:46px\" aria-hidden=\"true\" class=\"wp-block-spacer\"><\/div>\n\n\n\n<p class=\"has-text-align-center has-text-color has-link-color wp-elements-89b646e1610d75aa5e8d2391524d11f2\" style=\"color:#0066ff;font-size:clamp(0.875rem, 0.875rem + ((1vw - 0.2rem) * 0.542), 1.2rem);\"><strong>Kimono<\/strong><br>fond bleu canard<br>&#8211; papier japonais &#8211;<\/p>\n\n\n\n<figure class=\"wp-block-image aligncenter size-large is-resized\"><img loading=\"lazy\" decoding=\"async\" width=\"1024\" height=\"768\" src=\"http:\/\/www.ellipse-creations.fr\/wp-content\/uploads\/2025\/02\/Boite-Mouchoirs-Kimono-1024x768.jpg\" alt=\"\" class=\"wp-image-475\" style=\"width:443px\" srcset=\"https:\/\/www.ellipse-creations.fr\/wp-content\/uploads\/2025\/02\/Boite-Mouchoirs-Kimono-1024x768.jpg 1024w, https:\/\/www.ellipse-creations.fr\/wp-content\/uploads\/2025\/02\/Boite-Mouchoirs-Kimono-300x225.jpg 300w, https:\/\/www.ellipse-creations.fr\/wp-content\/uploads\/2025\/02\/Boite-Mouchoirs-Kimono-768x576.jpg 768w, https:\/\/www.ellipse-creations.fr\/wp-content\/uploads\/2025\/02\/Boite-Mouchoirs-Kimono-1536x1152.jpg 1536w, https:\/\/www.ellipse-creations.fr\/wp-content\/uploads\/2025\/02\/Boite-Mouchoirs-Kimono.jpg 2016w\" sizes=\"auto, (max-width: 1024px) 100vw, 1024px\" \/><\/figure>\n\n\n\n<div style=\"height:13px\" aria-hidden=\"true\" class=\"wp-block-spacer\"><\/div>\n\n\n\n<p class=\"has-text-align-center has-text-color has-link-color wp-elements-4547036440ebef80653b8c98299baa58\" style=\"color:#0066ff;font-size:clamp(0.875rem, 0.875rem + ((1vw - 0.2rem) * 0.542), 1.2rem);\"><strong>Oies sauvages<\/strong><br>fond dor\u00e9, bleu et brun<br>&#8211; papier japonais &#8211;<\/p>\n\n\n\n<figure class=\"wp-block-image aligncenter size-large is-resized\"><img loading=\"lazy\" decoding=\"async\" width=\"1024\" height=\"768\" src=\"http:\/\/www.ellipse-creations.fr\/wp-content\/uploads\/2025\/02\/Boite-Mouchoirs-Oies-sauvages-1-1024x768.jpg\" alt=\"\" class=\"wp-image-472\" style=\"width:440px\" srcset=\"https:\/\/www.ellipse-creations.fr\/wp-content\/uploads\/2025\/02\/Boite-Mouchoirs-Oies-sauvages-1-1024x768.jpg 1024w, https:\/\/www.ellipse-creations.fr\/wp-content\/uploads\/2025\/02\/Boite-Mouchoirs-Oies-sauvages-1-300x225.jpg 300w, https:\/\/www.ellipse-creations.fr\/wp-content\/uploads\/2025\/02\/Boite-Mouchoirs-Oies-sauvages-1-768x576.jpg 768w, https:\/\/www.ellipse-creations.fr\/wp-content\/uploads\/2025\/02\/Boite-Mouchoirs-Oies-sauvages-1-1536x1152.jpg 1536w, https:\/\/www.ellipse-creations.fr\/wp-content\/uploads\/2025\/02\/Boite-Mouchoirs-Oies-sauvages-1.jpg 2016w\" sizes=\"auto, (max-width: 1024px) 100vw, 1024px\" \/><\/figure>\n\n\n\n<div style=\"height:13px\" aria-hidden=\"true\" class=\"wp-block-spacer\"><\/div>\n\n\n\n<p class=\"has-text-align-center has-text-color has-link-color wp-elements-026993a9cd38d9082c8a3b9d832d7e84\" style=\"color:#0066ff;font-size:clamp(0.875rem, 0.875rem + ((1vw - 0.2rem) * 0.542), 1.2rem);\"><strong>Grues dor\u00e9es<\/strong><br>fond bleu marine<br>&#8211; papier n\u00e9palais &#8211;<\/p>\n\n\n\n<figure class=\"wp-block-image aligncenter size-large is-resized\"><img loading=\"lazy\" decoding=\"async\" width=\"1024\" height=\"768\" src=\"http:\/\/www.ellipse-creations.fr\/wp-content\/uploads\/2025\/02\/Boite-mouchoirs-Grues-dorees-Bleu-1024x768.jpg\" alt=\"\" class=\"wp-image-473\" style=\"width:440px\" srcset=\"https:\/\/www.ellipse-creations.fr\/wp-content\/uploads\/2025\/02\/Boite-mouchoirs-Grues-dorees-Bleu-1024x768.jpg 1024w, https:\/\/www.ellipse-creations.fr\/wp-content\/uploads\/2025\/02\/Boite-mouchoirs-Grues-dorees-Bleu-300x225.jpg 300w, https:\/\/www.ellipse-creations.fr\/wp-content\/uploads\/2025\/02\/Boite-mouchoirs-Grues-dorees-Bleu-768x576.jpg 768w, https:\/\/www.ellipse-creations.fr\/wp-content\/uploads\/2025\/02\/Boite-mouchoirs-Grues-dorees-Bleu-1536x1152.jpg 1536w, https:\/\/www.ellipse-creations.fr\/wp-content\/uploads\/2025\/02\/Boite-mouchoirs-Grues-dorees-Bleu.jpg 2016w\" sizes=\"auto, (max-width: 1024px) 100vw, 1024px\" \/><\/figure>\n\n\n\n<div style=\"height:15px\" aria-hidden=\"true\" class=\"wp-block-spacer\"><\/div>\n\n\n\n<div class=\"wp-block-columns is-layout-flex wp-container-core-columns-is-layout-28f84493 wp-block-columns-is-layout-flex\">\n<div class=\"wp-block-column is-layout-flow wp-block-column-is-layout-flow\">\n<p class=\"has-text-align-center has-text-color has-link-color wp-elements-c418a686a72ed4a04d3ac31468391384\" style=\"color:#0066ff;font-size:clamp(0.875rem, 0.875rem + ((1vw - 0.2rem) * 0.542), 1.2rem);\"><strong>Grues dor\u00e9es<\/strong><br>fond vert<br>&#8211; papier n\u00e9palais &#8211;<\/p>\n\n\n\n<figure class=\"wp-block-image aligncenter size-large is-resized\"><img loading=\"lazy\" decoding=\"async\" width=\"1024\" height=\"768\" src=\"http:\/\/www.ellipse-creations.fr\/wp-content\/uploads\/2025\/02\/Boite-mouchoirs-Grues-dorees-Vert-1-1-1024x768.jpg\" alt=\"\" class=\"wp-image-474\" style=\"width:440px\" srcset=\"https:\/\/www.ellipse-creations.fr\/wp-content\/uploads\/2025\/02\/Boite-mouchoirs-Grues-dorees-Vert-1-1-1024x768.jpg 1024w, https:\/\/www.ellipse-creations.fr\/wp-content\/uploads\/2025\/02\/Boite-mouchoirs-Grues-dorees-Vert-1-1-300x225.jpg 300w, https:\/\/www.ellipse-creations.fr\/wp-content\/uploads\/2025\/02\/Boite-mouchoirs-Grues-dorees-Vert-1-1-768x576.jpg 768w, https:\/\/www.ellipse-creations.fr\/wp-content\/uploads\/2025\/02\/Boite-mouchoirs-Grues-dorees-Vert-1-1-1536x1152.jpg 1536w, https:\/\/www.ellipse-creations.fr\/wp-content\/uploads\/2025\/02\/Boite-mouchoirs-Grues-dorees-Vert-1-1.jpg 2016w\" sizes=\"auto, (max-width: 1024px) 100vw, 1024px\" \/><\/figure>\n<\/div>\n<\/div>\n\n\n\n<div style=\"height:14px\" aria-hidden=\"true\" class=\"wp-block-spacer\"><\/div>\n\n\n\n<div class=\"wp-block-columns is-layout-flex wp-container-core-columns-is-layout-28f84493 wp-block-columns-is-layout-flex\">\n<div class=\"wp-block-column is-layout-flow wp-block-column-is-layout-flow\">\n<p class=\"has-text-align-center has-text-color has-link-color wp-elements-3c9a4f1db623c25665ce5cdedc42b6be\" style=\"color:#0066ff;font-size:clamp(0.875rem, 0.875rem + ((1vw - 0.2rem) * 0.542), 1.2rem);\"><strong>Mappemonde<\/strong><br>fond brun ancien<br>&#8211; papier italien &#8211;<\/p>\n\n\n\n<figure class=\"wp-block-image aligncenter size-full is-resized\"><img loading=\"lazy\" decoding=\"async\" width=\"2016\" height=\"1512\" src=\"http:\/\/www.ellipse-creations.fr\/wp-content\/uploads\/2025\/02\/Boite-Mouchoirs-Mappemonde-1.jpg\" alt=\"\" class=\"wp-image-516\" style=\"width:440px\" srcset=\"https:\/\/www.ellipse-creations.fr\/wp-content\/uploads\/2025\/02\/Boite-Mouchoirs-Mappemonde-1.jpg 2016w, https:\/\/www.ellipse-creations.fr\/wp-content\/uploads\/2025\/02\/Boite-Mouchoirs-Mappemonde-1-300x225.jpg 300w, https:\/\/www.ellipse-creations.fr\/wp-content\/uploads\/2025\/02\/Boite-Mouchoirs-Mappemonde-1-1024x768.jpg 1024w, https:\/\/www.ellipse-creations.fr\/wp-content\/uploads\/2025\/02\/Boite-Mouchoirs-Mappemonde-1-768x576.jpg 768w, https:\/\/www.ellipse-creations.fr\/wp-content\/uploads\/2025\/02\/Boite-Mouchoirs-Mappemonde-1-1536x1152.jpg 1536w\" sizes=\"auto, (max-width: 2016px) 100vw, 2016px\" \/><\/figure>\n<\/div>\n<\/div>\n<\/div>\n\n\n\n<p><\/p>\n","protected":false},"excerpt":{"rendered":"<p>plus exactement, bo\u00eetes pour contenir les bo\u00eetes \u00e0 mouchoir du commerce Format : rectangulaireTaille standard : base = 24 x 13 cm \/ hauteur = 8,5 cmPapier : je conseille 5 papiers qui rendent magnifiquement (voir les photos)Prix : 50 &#8211; 60 \u20ac (6 heures de travail) Variations :&#8211; dimensions calcul\u00e9es pour les bo\u00eetes du [&hellip;]<\/p>\n","protected":false},"author":1,"featured_media":0,"parent":0,"menu_order":0,"comment_status":"closed","ping_status":"closed","template":"","meta":{"footnotes":""},"class_list":["post-270","page","type-page","status-publish","hentry"],"_links":{"self":[{"href":"https:\/\/www.ellipse-creations.fr\/index.php\/wp-json\/wp\/v2\/pages\/270","targetHints":{"allow":["GET"]}}],"collection":[{"href":"https:\/\/www.ellipse-creations.fr\/index.php\/wp-json\/wp\/v2\/pages"}],"about":[{"href":"https:\/\/www.ellipse-creations.fr\/index.php\/wp-json\/wp\/v2\/types\/page"}],"author":[{"embeddable":true,"href":"https:\/\/www.ellipse-creations.fr\/index.php\/wp-json\/wp\/v2\/users\/1"}],"replies":[{"embeddable":true,"href":"https:\/\/www.ellipse-creations.fr\/index.php\/wp-json\/wp\/v2\/comments?post=270"}],"version-history":[{"count":34,"href":"https:\/\/www.ellipse-creations.fr\/index.php\/wp-json\/wp\/v2\/pages\/270\/revisions"}],"predecessor-version":[{"id":961,"href":"https:\/\/www.ellipse-creations.fr\/index.php\/wp-json\/wp\/v2\/pages\/270\/revisions\/961"}],"wp:attachment":[{"href":"https:\/\/www.ellipse-creations.fr\/index.php\/wp-json\/wp\/v2\/media?parent=270"}],"curies":[{"name":"wp","href":"https:\/\/api.w.org\/{rel}","templated":true}]}}