{"id":269,"date":"2025-02-10T17:48:30","date_gmt":"2025-02-10T16:48:30","guid":{"rendered":"https:\/\/www.ellipse-creations.fr\/?page_id=269"},"modified":"2025-03-12T08:52:18","modified_gmt":"2025-03-12T07:52:18","slug":"pots-a-crayons-3","status":"publish","type":"page","link":"https:\/\/www.ellipse-creations.fr\/index.php\/pots-a-crayons-3\/","title":{"rendered":"Vide-poches"},"content":{"rendered":"\n<div class=\"wp-block-group alignwide has-global-padding is-layout-constrained wp-block-group-is-layout-constrained\">\n<h3 class=\"wp-block-heading has-text-align-center has-contrast-color has-text-color has-link-color wp-elements-a32e8004b7db446549bb3fb34895bef3\" style=\"font-size:clamp(1.039rem, 1.039rem + ((1vw - 0.2rem) * 0.935), 1.6rem);\">ne cherchez plus vos clefs &#8230;<\/h3>\n\n\n\n<figure class=\"wp-block-image aligncenter size-full is-resized is-style-rounded is-style-rounded--1\"><img loading=\"lazy\" decoding=\"async\" width=\"356\" height=\"238\" src=\"http:\/\/www.ellipse-creations.fr\/wp-content\/uploads\/2025\/02\/vide-poche-paysage.png\" alt=\"\" class=\"wp-image-329\" style=\"width:359px;height:auto\" srcset=\"https:\/\/www.ellipse-creations.fr\/wp-content\/uploads\/2025\/02\/vide-poche-paysage.png 356w, https:\/\/www.ellipse-creations.fr\/wp-content\/uploads\/2025\/02\/vide-poche-paysage-300x201.png 300w\" sizes=\"auto, (max-width: 356px) 100vw, 356px\" \/><\/figure>\n<\/div>\n\n\n\n<div class=\"wp-block-group alignwide has-global-padding is-layout-constrained wp-block-group-is-layout-constrained\">\n<p><strong>Forme<\/strong> : cylindrique<br><strong>Taille standard :<\/strong>  hauteur = 3,4 cm  \/  diam\u00e8tre = 13,5 cm<br><strong>Papier :<\/strong> je conseille 4 papiers qui rendent magnifiquement<br><strong>Prix : <\/strong>35 \u20ac (3 \u00e0 4 heures de travail)<\/p>\n\n\n\n<p><strong>Variations :<\/strong><br>&#8211; autre diam\u00e8tre possible : 10,5 cm<br>&#8211; hauteur ajustable sur demande<br>&#8211; autres formes possibles : base carr\u00e9e ou hexagonale, sur demande<br><br><strong>Originalit\u00e9 :<\/strong> le fond de certains vide-poches est en cuir brun orang\u00e9 ou bleu-gris selon le mod\u00e8le<\/p>\n\n\n\n<div class=\"wp-block-columns is-layout-flex wp-container-core-columns-is-layout-28f84493 wp-block-columns-is-layout-flex\">\n<div class=\"wp-block-column is-layout-flow wp-block-column-is-layout-flow\">\n<p class=\"has-text-align-center has-text-color has-link-color wp-elements-7df4b9d72becf59167f4b1c1895b2b2f\" style=\"color:#0066ff;font-size:clamp(0.875rem, 0.875rem + ((1vw - 0.2rem) * 0.542), 1.2rem);\"><strong>N\u0153uds &amp; foulards<\/strong><\/p>\n\n\n\n<figure class=\"wp-block-image aligncenter size-full\"><img loading=\"lazy\" decoding=\"async\" width=\"2016\" height=\"1512\" src=\"http:\/\/www.ellipse-creations.fr\/wp-content\/uploads\/2025\/02\/Vide-poches-Noeuds-et-foulard.jpg\" alt=\"\" class=\"wp-image-478\" srcset=\"https:\/\/www.ellipse-creations.fr\/wp-content\/uploads\/2025\/02\/Vide-poches-Noeuds-et-foulard.jpg 2016w, https:\/\/www.ellipse-creations.fr\/wp-content\/uploads\/2025\/02\/Vide-poches-Noeuds-et-foulard-300x225.jpg 300w, https:\/\/www.ellipse-creations.fr\/wp-content\/uploads\/2025\/02\/Vide-poches-Noeuds-et-foulard-1024x768.jpg 1024w, https:\/\/www.ellipse-creations.fr\/wp-content\/uploads\/2025\/02\/Vide-poches-Noeuds-et-foulard-768x576.jpg 768w, https:\/\/www.ellipse-creations.fr\/wp-content\/uploads\/2025\/02\/Vide-poches-Noeuds-et-foulard-1536x1152.jpg 1536w\" sizes=\"auto, (max-width: 2016px) 100vw, 2016px\" \/><\/figure>\n\n\n\n<p class=\"has-text-align-center has-text-color has-link-color wp-elements-aadfa56745306aeefc961b9b1e14cebd\" style=\"color:#0066ff;font-size:clamp(0.875rem, 0.875rem + ((1vw - 0.2rem) * 0.542), 1.2rem);\"><strong>Vagues dor\u00e9es<\/strong><br>bleu profond<\/p>\n\n\n\n<figure class=\"wp-block-image aligncenter size-full\"><img loading=\"lazy\" decoding=\"async\" width=\"2016\" height=\"1512\" src=\"http:\/\/www.ellipse-creations.fr\/wp-content\/uploads\/2025\/02\/Vide-poches-Bleu-Vagues-dorees-1.jpg\" alt=\"\" class=\"wp-image-480\" srcset=\"https:\/\/www.ellipse-creations.fr\/wp-content\/uploads\/2025\/02\/Vide-poches-Bleu-Vagues-dorees-1.jpg 2016w, https:\/\/www.ellipse-creations.fr\/wp-content\/uploads\/2025\/02\/Vide-poches-Bleu-Vagues-dorees-1-300x225.jpg 300w, https:\/\/www.ellipse-creations.fr\/wp-content\/uploads\/2025\/02\/Vide-poches-Bleu-Vagues-dorees-1-1024x768.jpg 1024w, https:\/\/www.ellipse-creations.fr\/wp-content\/uploads\/2025\/02\/Vide-poches-Bleu-Vagues-dorees-1-768x576.jpg 768w, https:\/\/www.ellipse-creations.fr\/wp-content\/uploads\/2025\/02\/Vide-poches-Bleu-Vagues-dorees-1-1536x1152.jpg 1536w\" sizes=\"auto, (max-width: 2016px) 100vw, 2016px\" \/><\/figure>\n<\/div>\n\n\n\n<div class=\"wp-block-column is-layout-flow wp-block-column-is-layout-flow\">\n<p class=\"has-text-align-center has-text-color has-link-color wp-elements-39ae64bed30148b445be53214c8ffe59\" style=\"color:#0066ff;font-size:clamp(0.875rem, 0.875rem + ((1vw - 0.2rem) * 0.542), 1.2rem);\"><strong><strong>Vert avec<\/strong> l<strong>iser\u00e9 orange<\/strong><\/strong><\/p>\n\n\n\n<figure class=\"wp-block-image aligncenter size-full\"><img loading=\"lazy\" decoding=\"async\" width=\"2016\" height=\"1512\" src=\"http:\/\/www.ellipse-creations.fr\/wp-content\/uploads\/2025\/02\/Vide-poches-Vert-lisere-orange.jpg\" alt=\"\" class=\"wp-image-485\" srcset=\"https:\/\/www.ellipse-creations.fr\/wp-content\/uploads\/2025\/02\/Vide-poches-Vert-lisere-orange.jpg 2016w, https:\/\/www.ellipse-creations.fr\/wp-content\/uploads\/2025\/02\/Vide-poches-Vert-lisere-orange-300x225.jpg 300w, https:\/\/www.ellipse-creations.fr\/wp-content\/uploads\/2025\/02\/Vide-poches-Vert-lisere-orange-1024x768.jpg 1024w, https:\/\/www.ellipse-creations.fr\/wp-content\/uploads\/2025\/02\/Vide-poches-Vert-lisere-orange-768x576.jpg 768w, https:\/\/www.ellipse-creations.fr\/wp-content\/uploads\/2025\/02\/Vide-poches-Vert-lisere-orange-1536x1152.jpg 1536w\" sizes=\"auto, (max-width: 2016px) 100vw, 2016px\" \/><\/figure>\n\n\n\n<p class=\"has-text-align-center has-text-color has-link-color wp-elements-ab55600f8b48d4b0117e275e8f893ef1\" style=\"color:#0066ff;font-size:clamp(0.875rem, 0.875rem + ((1vw - 0.2rem) * 0.542), 1.2rem);\"><strong> <\/strong><strong>Kimono<\/strong><br>fond bleu canard<\/p>\n\n\n\n<figure class=\"wp-block-image aligncenter size-full\"><img loading=\"lazy\" decoding=\"async\" width=\"2016\" height=\"1512\" src=\"http:\/\/www.ellipse-creations.fr\/wp-content\/uploads\/2025\/02\/Vide-poches-Kimono-1.jpg\" alt=\"\" class=\"wp-image-481\" srcset=\"https:\/\/www.ellipse-creations.fr\/wp-content\/uploads\/2025\/02\/Vide-poches-Kimono-1.jpg 2016w, https:\/\/www.ellipse-creations.fr\/wp-content\/uploads\/2025\/02\/Vide-poches-Kimono-1-300x225.jpg 300w, https:\/\/www.ellipse-creations.fr\/wp-content\/uploads\/2025\/02\/Vide-poches-Kimono-1-1024x768.jpg 1024w, https:\/\/www.ellipse-creations.fr\/wp-content\/uploads\/2025\/02\/Vide-poches-Kimono-1-768x576.jpg 768w, https:\/\/www.ellipse-creations.fr\/wp-content\/uploads\/2025\/02\/Vide-poches-Kimono-1-1536x1152.jpg 1536w\" sizes=\"auto, (max-width: 2016px) 100vw, 2016px\" \/><\/figure>\n<\/div>\n<\/div>\n\n\n\n<p><\/p>\n<\/div>\n\n\n\n<p><\/p>\n","protected":false},"excerpt":{"rendered":"<p>ne cherchez plus vos clefs &#8230; Forme : cylindriqueTaille standard : hauteur = 3,4 cm \/ diam\u00e8tre = 13,5 cmPapier : je conseille 4 papiers qui rendent magnifiquementPrix : 35 \u20ac (3 \u00e0 4 heures de travail) Variations :&#8211; autre diam\u00e8tre possible : 10,5 cm&#8211; hauteur ajustable sur demande&#8211; autres formes possibles : base carr\u00e9e [&hellip;]<\/p>\n","protected":false},"author":1,"featured_media":0,"parent":0,"menu_order":0,"comment_status":"closed","ping_status":"closed","template":"","meta":{"footnotes":""},"class_list":["post-269","page","type-page","status-publish","hentry"],"_links":{"self":[{"href":"https:\/\/www.ellipse-creations.fr\/index.php\/wp-json\/wp\/v2\/pages\/269","targetHints":{"allow":["GET"]}}],"collection":[{"href":"https:\/\/www.ellipse-creations.fr\/index.php\/wp-json\/wp\/v2\/pages"}],"about":[{"href":"https:\/\/www.ellipse-creations.fr\/index.php\/wp-json\/wp\/v2\/types\/page"}],"author":[{"embeddable":true,"href":"https:\/\/www.ellipse-creations.fr\/index.php\/wp-json\/wp\/v2\/users\/1"}],"replies":[{"embeddable":true,"href":"https:\/\/www.ellipse-creations.fr\/index.php\/wp-json\/wp\/v2\/comments?post=269"}],"version-history":[{"count":17,"href":"https:\/\/www.ellipse-creations.fr\/index.php\/wp-json\/wp\/v2\/pages\/269\/revisions"}],"predecessor-version":[{"id":903,"href":"https:\/\/www.ellipse-creations.fr\/index.php\/wp-json\/wp\/v2\/pages\/269\/revisions\/903"}],"wp:attachment":[{"href":"https:\/\/www.ellipse-creations.fr\/index.php\/wp-json\/wp\/v2\/media?parent=269"}],"curies":[{"name":"wp","href":"https:\/\/api.w.org\/{rel}","templated":true}]}}