{"id":265,"date":"2025-03-04T08:57:18","date_gmt":"2025-03-04T07:57:18","guid":{"rendered":"https:\/\/www.ellipse-creations.fr\/?page_id=265"},"modified":"2025-03-20T22:47:23","modified_gmt":"2025-03-20T21:47:23","slug":"pots-a-crayons-7","status":"publish","type":"page","link":"https:\/\/www.ellipse-creations.fr\/index.php\/pots-a-crayons-7\/","title":{"rendered":"Bo\u00eetes \u00e0 bijoux"},"content":{"rendered":"\n<div class=\"wp-block-group alignwide has-global-padding is-layout-constrained wp-block-group-is-layout-constrained\">\n<h3 class=\"wp-block-heading has-text-align-center has-contrast-color has-text-color has-link-color has-large-font-size wp-elements-f5a8f05feb856fb4f538745a53cae1e8\">ou bo\u00eetes \u00e0 secrets &#8230;<\/h3>\n\n\n\n<figure class=\"wp-block-image aligncenter size-large is-resized is-style-rounded is-style-rounded--1\"><img loading=\"lazy\" decoding=\"async\" width=\"1024\" height=\"768\" src=\"http:\/\/www.ellipse-creations.fr\/wp-content\/uploads\/2025\/02\/Boite-a-bijoux-Vagues-dorees-Bleu-1-1-1024x768.jpg\" alt=\"\" class=\"wp-image-487\" style=\"width:359px;height:auto\" srcset=\"https:\/\/www.ellipse-creations.fr\/wp-content\/uploads\/2025\/02\/Boite-a-bijoux-Vagues-dorees-Bleu-1-1-1024x768.jpg 1024w, https:\/\/www.ellipse-creations.fr\/wp-content\/uploads\/2025\/02\/Boite-a-bijoux-Vagues-dorees-Bleu-1-1-300x225.jpg 300w, https:\/\/www.ellipse-creations.fr\/wp-content\/uploads\/2025\/02\/Boite-a-bijoux-Vagues-dorees-Bleu-1-1-768x576.jpg 768w, https:\/\/www.ellipse-creations.fr\/wp-content\/uploads\/2025\/02\/Boite-a-bijoux-Vagues-dorees-Bleu-1-1-1536x1152.jpg 1536w, https:\/\/www.ellipse-creations.fr\/wp-content\/uploads\/2025\/02\/Boite-a-bijoux-Vagues-dorees-Bleu-1-1.jpg 2016w\" sizes=\"auto, (max-width: 1024px) 100vw, 1024px\" \/><\/figure>\n<\/div>\n\n\n\n<div class=\"wp-block-group alignwide has-global-padding is-layout-constrained wp-block-group-is-layout-constrained\">\n<p><strong>Forme<\/strong> : hexagonale ou ronde<br><strong>Taille :<\/strong> hauteur = 4 \u00e0 7 cm \/ diam\u00e8tre = 10 \u00e0 18 cm<br><strong>Papier :<\/strong> voir les 6 papiers des \u00e9tuis \u00e0 parchemin<br><strong>Prix : <\/strong>60 \u00e0 80 \u20ac selon le mod\u00e8le (7 \u00e0 10 heures de travail)<\/p>\n\n\n\n<p><strong>Remarques :<\/strong><br>\u2022 la bo\u00eete hexagonale est tr\u00e8s d\u00e9licate \u00e0 r\u00e9aliser, en particulier pour ajuster exactement le couvercle \u00e0 la base ; elle est donc plus ch\u00e8re<br>\u2022 je conseille les 2 papiers pr\u00e9sent\u00e9s ci-dessous<br><\/p>\n\n\n\n<p class=\"has-text-align-center has-text-color has-link-color wp-elements-83c2f0591678cbf9c0c3f0d6222c5ec7\" style=\"color:#0066ff;font-size:clamp(0.875rem, 0.875rem + ((1vw - 0.2rem) * 0.542), 1.2rem);\"><strong>Bo\u00eete \u00e0 bijoux hexagonale<\/strong><br>papier vagues dor\u00e9es &#8211; fond bleu profond<\/p>\n\n\n\n<div class=\"wp-block-columns is-layout-flex wp-container-core-columns-is-layout-28f84493 wp-block-columns-is-layout-flex\">\n<div class=\"wp-block-column is-layout-flow wp-block-column-is-layout-flow\">\n<figure class=\"wp-block-image aligncenter size-full\"><img loading=\"lazy\" decoding=\"async\" width=\"2016\" height=\"1512\" src=\"http:\/\/www.ellipse-creations.fr\/wp-content\/uploads\/2025\/02\/Boite-a-bijoux-Vagues-dorees-Bleu-1-1.jpg\" alt=\"\" class=\"wp-image-487\" srcset=\"https:\/\/www.ellipse-creations.fr\/wp-content\/uploads\/2025\/02\/Boite-a-bijoux-Vagues-dorees-Bleu-1-1.jpg 2016w, https:\/\/www.ellipse-creations.fr\/wp-content\/uploads\/2025\/02\/Boite-a-bijoux-Vagues-dorees-Bleu-1-1-300x225.jpg 300w, https:\/\/www.ellipse-creations.fr\/wp-content\/uploads\/2025\/02\/Boite-a-bijoux-Vagues-dorees-Bleu-1-1-1024x768.jpg 1024w, https:\/\/www.ellipse-creations.fr\/wp-content\/uploads\/2025\/02\/Boite-a-bijoux-Vagues-dorees-Bleu-1-1-768x576.jpg 768w, https:\/\/www.ellipse-creations.fr\/wp-content\/uploads\/2025\/02\/Boite-a-bijoux-Vagues-dorees-Bleu-1-1-1536x1152.jpg 1536w\" sizes=\"auto, (max-width: 2016px) 100vw, 2016px\" \/><\/figure>\n<\/div>\n\n\n\n<div class=\"wp-block-column is-layout-flow wp-block-column-is-layout-flow\">\n<figure class=\"wp-block-image aligncenter size-full\"><img loading=\"lazy\" decoding=\"async\" width=\"2016\" height=\"1512\" src=\"http:\/\/www.ellipse-creations.fr\/wp-content\/uploads\/2025\/03\/Boite-a-bjoux-Vagues-dorees-3.jpg\" alt=\"\" class=\"wp-image-954\" srcset=\"https:\/\/www.ellipse-creations.fr\/wp-content\/uploads\/2025\/03\/Boite-a-bjoux-Vagues-dorees-3.jpg 2016w, https:\/\/www.ellipse-creations.fr\/wp-content\/uploads\/2025\/03\/Boite-a-bjoux-Vagues-dorees-3-300x225.jpg 300w, https:\/\/www.ellipse-creations.fr\/wp-content\/uploads\/2025\/03\/Boite-a-bjoux-Vagues-dorees-3-1024x768.jpg 1024w, https:\/\/www.ellipse-creations.fr\/wp-content\/uploads\/2025\/03\/Boite-a-bjoux-Vagues-dorees-3-768x576.jpg 768w, https:\/\/www.ellipse-creations.fr\/wp-content\/uploads\/2025\/03\/Boite-a-bjoux-Vagues-dorees-3-1536x1152.jpg 1536w\" sizes=\"auto, (max-width: 2016px) 100vw, 2016px\" \/><\/figure>\n<\/div>\n<\/div>\n\n\n\n<div style=\"height:35px\" aria-hidden=\"true\" class=\"wp-block-spacer\"><\/div>\n\n\n\n<div class=\"wp-block-columns is-layout-flex wp-container-core-columns-is-layout-28f84493 wp-block-columns-is-layout-flex\">\n<div class=\"wp-block-column is-layout-flow wp-block-column-is-layout-flow\">\n<p class=\"has-text-align-center has-text-color has-link-color wp-elements-01208d3d8cd12568245e246c61208617\" style=\"color:#0066ff;font-size:clamp(0.875rem, 0.875rem + ((1vw - 0.2rem) * 0.542), 1.2rem);\"><strong>Bo\u00eete \u00e0 bijoux ronde<\/strong><br>papier kimono &#8211; fond bleu canard<\/p>\n\n\n\n<div class=\"wp-block-columns is-layout-flex wp-container-core-columns-is-layout-28f84493 wp-block-columns-is-layout-flex\">\n<div class=\"wp-block-column is-layout-flow wp-block-column-is-layout-flow\">\n<figure class=\"wp-block-image size-large\"><img loading=\"lazy\" decoding=\"async\" width=\"1024\" height=\"768\" src=\"http:\/\/www.ellipse-creations.fr\/wp-content\/uploads\/2025\/03\/Petite-Boite-a-bijoux-Kimono-1-1024x768.jpg\" alt=\"\" class=\"wp-image-758\" srcset=\"https:\/\/www.ellipse-creations.fr\/wp-content\/uploads\/2025\/03\/Petite-Boite-a-bijoux-Kimono-1-1024x768.jpg 1024w, https:\/\/www.ellipse-creations.fr\/wp-content\/uploads\/2025\/03\/Petite-Boite-a-bijoux-Kimono-1-300x225.jpg 300w, https:\/\/www.ellipse-creations.fr\/wp-content\/uploads\/2025\/03\/Petite-Boite-a-bijoux-Kimono-1-768x576.jpg 768w, https:\/\/www.ellipse-creations.fr\/wp-content\/uploads\/2025\/03\/Petite-Boite-a-bijoux-Kimono-1-1536x1152.jpg 1536w, https:\/\/www.ellipse-creations.fr\/wp-content\/uploads\/2025\/03\/Petite-Boite-a-bijoux-Kimono-1.jpg 2016w\" sizes=\"auto, (max-width: 1024px) 100vw, 1024px\" \/><\/figure>\n<\/div>\n\n\n\n<div class=\"wp-block-column is-layout-flow wp-block-column-is-layout-flow\">\n<figure class=\"wp-block-image size-large\"><img loading=\"lazy\" decoding=\"async\" width=\"1024\" height=\"768\" src=\"http:\/\/www.ellipse-creations.fr\/wp-content\/uploads\/2025\/03\/Petite-Boite-a-bijoux-Kimono-2-1024x768.jpg\" alt=\"\" class=\"wp-image-757\" srcset=\"https:\/\/www.ellipse-creations.fr\/wp-content\/uploads\/2025\/03\/Petite-Boite-a-bijoux-Kimono-2-1024x768.jpg 1024w, https:\/\/www.ellipse-creations.fr\/wp-content\/uploads\/2025\/03\/Petite-Boite-a-bijoux-Kimono-2-300x225.jpg 300w, https:\/\/www.ellipse-creations.fr\/wp-content\/uploads\/2025\/03\/Petite-Boite-a-bijoux-Kimono-2-768x576.jpg 768w, https:\/\/www.ellipse-creations.fr\/wp-content\/uploads\/2025\/03\/Petite-Boite-a-bijoux-Kimono-2-1536x1152.jpg 1536w, https:\/\/www.ellipse-creations.fr\/wp-content\/uploads\/2025\/03\/Petite-Boite-a-bijoux-Kimono-2.jpg 2016w\" sizes=\"auto, (max-width: 1024px) 100vw, 1024px\" \/><\/figure>\n<\/div>\n<\/div>\n<\/div>\n<\/div>\n<\/div>\n\n\n\n<div style=\"height:78px\" aria-hidden=\"true\" class=\"wp-block-spacer\"><\/div>\n","protected":false},"excerpt":{"rendered":"<p>ou bo\u00eetes \u00e0 secrets &#8230; Forme : hexagonale ou rondeTaille : hauteur = 4 \u00e0 7 cm \/ diam\u00e8tre = 10 \u00e0 18 cmPapier : voir les 6 papiers des \u00e9tuis \u00e0 parcheminPrix : 60 \u00e0 80 \u20ac selon le mod\u00e8le (7 \u00e0 10 heures de travail) Remarques :\u2022 la bo\u00eete hexagonale est tr\u00e8s d\u00e9licate [&hellip;]<\/p>\n","protected":false},"author":1,"featured_media":0,"parent":0,"menu_order":0,"comment_status":"closed","ping_status":"closed","template":"","meta":{"footnotes":""},"class_list":["post-265","page","type-page","status-publish","hentry"],"_links":{"self":[{"href":"https:\/\/www.ellipse-creations.fr\/index.php\/wp-json\/wp\/v2\/pages\/265","targetHints":{"allow":["GET"]}}],"collection":[{"href":"https:\/\/www.ellipse-creations.fr\/index.php\/wp-json\/wp\/v2\/pages"}],"about":[{"href":"https:\/\/www.ellipse-creations.fr\/index.php\/wp-json\/wp\/v2\/types\/page"}],"author":[{"embeddable":true,"href":"https:\/\/www.ellipse-creations.fr\/index.php\/wp-json\/wp\/v2\/users\/1"}],"replies":[{"embeddable":true,"href":"https:\/\/www.ellipse-creations.fr\/index.php\/wp-json\/wp\/v2\/comments?post=265"}],"version-history":[{"count":16,"href":"https:\/\/www.ellipse-creations.fr\/index.php\/wp-json\/wp\/v2\/pages\/265\/revisions"}],"predecessor-version":[{"id":955,"href":"https:\/\/www.ellipse-creations.fr\/index.php\/wp-json\/wp\/v2\/pages\/265\/revisions\/955"}],"wp:attachment":[{"href":"https:\/\/www.ellipse-creations.fr\/index.php\/wp-json\/wp\/v2\/media?parent=265"}],"curies":[{"name":"wp","href":"https:\/\/api.w.org\/{rel}","templated":true}]}}