{"id":263,"date":"2025-03-04T08:59:45","date_gmt":"2025-03-04T07:59:45","guid":{"rendered":"https:\/\/www.ellipse-creations.fr\/?page_id=263"},"modified":"2025-03-12T09:24:16","modified_gmt":"2025-03-12T08:24:16","slug":"pots-a-crayons-9","status":"publish","type":"page","link":"https:\/\/www.ellipse-creations.fr\/index.php\/pots-a-crayons-9\/","title":{"rendered":"Bo\u00eetes cylindriques"},"content":{"rendered":"\n<div class=\"wp-block-group alignwide has-global-padding is-layout-constrained wp-block-group-is-layout-constrained\">\n<h3 class=\"wp-block-heading has-text-align-center has-contrast-color has-text-color has-link-color wp-elements-b2ed0113f1df018fa9fe58db740050b0\" style=\"font-size:clamp(0.984rem, 0.984rem + ((1vw - 0.2rem) * 0.86), 1.5rem);\">avec ou sans couvercle<\/h3>\n\n\n\n<figure class=\"wp-block-image aligncenter size-large is-resized is-style-rounded is-style-rounded--1\"><img loading=\"lazy\" decoding=\"async\" width=\"1024\" height=\"768\" src=\"http:\/\/www.ellipse-creations.fr\/wp-content\/uploads\/2025\/02\/Boite-Cylindrique-Verte-2-1024x768.jpg\" alt=\"\" class=\"wp-image-529\" style=\"width:359px;height:auto\" srcset=\"https:\/\/www.ellipse-creations.fr\/wp-content\/uploads\/2025\/02\/Boite-Cylindrique-Verte-2-1024x768.jpg 1024w, https:\/\/www.ellipse-creations.fr\/wp-content\/uploads\/2025\/02\/Boite-Cylindrique-Verte-2-300x225.jpg 300w, https:\/\/www.ellipse-creations.fr\/wp-content\/uploads\/2025\/02\/Boite-Cylindrique-Verte-2-768x576.jpg 768w, https:\/\/www.ellipse-creations.fr\/wp-content\/uploads\/2025\/02\/Boite-Cylindrique-Verte-2-1536x1152.jpg 1536w, https:\/\/www.ellipse-creations.fr\/wp-content\/uploads\/2025\/02\/Boite-Cylindrique-Verte-2.jpg 2016w\" sizes=\"auto, (max-width: 1024px) 100vw, 1024px\" \/><\/figure>\n<\/div>\n\n\n\n<div class=\"wp-block-group alignwide has-global-padding is-layout-constrained wp-block-group-is-layout-constrained\">\n<p><strong>Forme<\/strong> : cylindrique<br><strong>Taille :<\/strong> hauteur = 10 \u00e0 22 cm \/ diam\u00e8tre = 14 \u00e0 21 cm<br><strong>Papier :<\/strong> papiers du catalogue ou papiers imprim\u00e9s du commerce<br><strong>Prix : <\/strong>60 \u00e0 100 \u20ac selon le mod\u00e8le<\/p>\n\n\n\n<p><strong>Remarques :<\/strong><br>\u2022 certaines bo\u00eetes ont un couvercle et pas d&rsquo;autres<br>\u2022 les bo\u00eetes pr\u00e9sent\u00e9es ici sont des exemples de ce qu&rsquo;on peut faire<br>\u2022 vous me contactez en me disant \u00e0 quoi va servir la bo\u00eete, quel format et quel type de papier vous envisagez et si vous voulez un couvercle<br>\u2022 on en discute jusqu&rsquo;\u00e0 arriver \u00e0 la bo\u00eete qui vous conviendra et qui vous plaira<\/p>\n\n\n\n<div class=\"wp-block-columns is-layout-flex wp-container-core-columns-is-layout-28f84493 wp-block-columns-is-layout-flex\">\n<div class=\"wp-block-column is-layout-flow wp-block-column-is-layout-flow\">\n<p class=\"has-text-align-center has-text-color has-link-color wp-elements-7ec8e5299a3b628547e234a269b62f19\" style=\"color:#0066ff;font-size:clamp(0.875rem, 0.875rem + ((1vw - 0.2rem) * 0.542), 1.2rem);\"><strong>Verte \u00e0 volutes<\/strong><br>int\u00e9rieur orange<\/p>\n\n\n\n<figure class=\"wp-block-image aligncenter size-full is-resized\"><img loading=\"lazy\" decoding=\"async\" width=\"2016\" height=\"1512\" src=\"http:\/\/www.ellipse-creations.fr\/wp-content\/uploads\/2025\/02\/Boite-Cylindrique-Verte-1.jpg\" alt=\"\" class=\"wp-image-528\" style=\"width:340px\" srcset=\"https:\/\/www.ellipse-creations.fr\/wp-content\/uploads\/2025\/02\/Boite-Cylindrique-Verte-1.jpg 2016w, https:\/\/www.ellipse-creations.fr\/wp-content\/uploads\/2025\/02\/Boite-Cylindrique-Verte-1-300x225.jpg 300w, https:\/\/www.ellipse-creations.fr\/wp-content\/uploads\/2025\/02\/Boite-Cylindrique-Verte-1-1024x768.jpg 1024w, https:\/\/www.ellipse-creations.fr\/wp-content\/uploads\/2025\/02\/Boite-Cylindrique-Verte-1-768x576.jpg 768w, https:\/\/www.ellipse-creations.fr\/wp-content\/uploads\/2025\/02\/Boite-Cylindrique-Verte-1-1536x1152.jpg 1536w\" sizes=\"auto, (max-width: 2016px) 100vw, 2016px\" \/><\/figure>\n<\/div>\n<\/div>\n<\/div>\n\n\n\n<div style=\"height:13px\" aria-hidden=\"true\" class=\"wp-block-spacer\"><\/div>\n\n\n\n<div class=\"wp-block-columns is-layout-flex wp-container-core-columns-is-layout-28f84493 wp-block-columns-is-layout-flex\">\n<div class=\"wp-block-column is-layout-flow wp-block-column-is-layout-flow\">\n<p class=\"has-text-align-center has-text-color has-link-color wp-elements-6f9b56e8f88f381c3506c39d0f16dd11\" style=\"color:#0066ff;font-size:clamp(0.875rem, 0.875rem + ((1vw - 0.2rem) * 0.525), 1.19rem);\"><strong>Kimono<\/strong><br>fond bleu canard<\/p>\n\n\n\n<figure class=\"wp-block-image aligncenter size-full is-resized\"><img loading=\"lazy\" decoding=\"async\" width=\"2016\" height=\"1512\" src=\"http:\/\/www.ellipse-creations.fr\/wp-content\/uploads\/2025\/03\/Boite-Cylindrique-Kimono-1.jpg\" alt=\"\" class=\"wp-image-771\" style=\"width:340px\" srcset=\"https:\/\/www.ellipse-creations.fr\/wp-content\/uploads\/2025\/03\/Boite-Cylindrique-Kimono-1.jpg 2016w, https:\/\/www.ellipse-creations.fr\/wp-content\/uploads\/2025\/03\/Boite-Cylindrique-Kimono-1-300x225.jpg 300w, https:\/\/www.ellipse-creations.fr\/wp-content\/uploads\/2025\/03\/Boite-Cylindrique-Kimono-1-1024x768.jpg 1024w, https:\/\/www.ellipse-creations.fr\/wp-content\/uploads\/2025\/03\/Boite-Cylindrique-Kimono-1-768x576.jpg 768w, https:\/\/www.ellipse-creations.fr\/wp-content\/uploads\/2025\/03\/Boite-Cylindrique-Kimono-1-1536x1152.jpg 1536w\" sizes=\"auto, (max-width: 2016px) 100vw, 2016px\" \/><\/figure>\n<\/div>\n<\/div>\n\n\n\n<figure class=\"wp-block-image aligncenter size-large is-resized\"><img loading=\"lazy\" decoding=\"async\" width=\"1024\" height=\"768\" src=\"http:\/\/www.ellipse-creations.fr\/wp-content\/uploads\/2025\/03\/Boite-Cylindrique-Kimono-2-1024x768.jpg\" alt=\"\" class=\"wp-image-773\" style=\"width:340px\" srcset=\"https:\/\/www.ellipse-creations.fr\/wp-content\/uploads\/2025\/03\/Boite-Cylindrique-Kimono-2-1024x768.jpg 1024w, https:\/\/www.ellipse-creations.fr\/wp-content\/uploads\/2025\/03\/Boite-Cylindrique-Kimono-2-300x225.jpg 300w, https:\/\/www.ellipse-creations.fr\/wp-content\/uploads\/2025\/03\/Boite-Cylindrique-Kimono-2-768x576.jpg 768w, https:\/\/www.ellipse-creations.fr\/wp-content\/uploads\/2025\/03\/Boite-Cylindrique-Kimono-2-1536x1152.jpg 1536w, https:\/\/www.ellipse-creations.fr\/wp-content\/uploads\/2025\/03\/Boite-Cylindrique-Kimono-2.jpg 2016w\" sizes=\"auto, (max-width: 1024px) 100vw, 1024px\" \/><\/figure>\n\n\n\n<div style=\"height:13px\" aria-hidden=\"true\" class=\"wp-block-spacer\"><\/div>\n\n\n\n<p class=\"has-text-align-center has-text-color has-link-color wp-elements-126b307fe4c275efdbbc01d44691b5f2\" style=\"color:#0066ff;font-size:clamp(0.875rem, 0.875rem + ((1vw - 0.2rem) * 0.542), 1.2rem);\"><strong>Nymph\u00e9as<\/strong><br>int\u00e9rieur mauve<\/p>\n\n\n\n<figure class=\"wp-block-image aligncenter size-large is-resized\"><img loading=\"lazy\" decoding=\"async\" width=\"768\" height=\"1024\" src=\"http:\/\/www.ellipse-creations.fr\/wp-content\/uploads\/2025\/03\/Boite-cylindrique-Monet-768x1024.jpg\" alt=\"\" class=\"wp-image-892\" style=\"width:400px\" srcset=\"https:\/\/www.ellipse-creations.fr\/wp-content\/uploads\/2025\/03\/Boite-cylindrique-Monet-768x1024.jpg 768w, https:\/\/www.ellipse-creations.fr\/wp-content\/uploads\/2025\/03\/Boite-cylindrique-Monet-225x300.jpg 225w, https:\/\/www.ellipse-creations.fr\/wp-content\/uploads\/2025\/03\/Boite-cylindrique-Monet-1152x1536.jpg 1152w, https:\/\/www.ellipse-creations.fr\/wp-content\/uploads\/2025\/03\/Boite-cylindrique-Monet.jpg 1512w\" sizes=\"auto, (max-width: 768px) 100vw, 768px\" \/><\/figure>\n\n\n\n<div style=\"height:13px\" aria-hidden=\"true\" class=\"wp-block-spacer\"><\/div>\n\n\n\n<p class=\"has-text-align-center has-text-color has-link-color wp-elements-63947a7f4df805b22eeffdc9191dde49\" style=\"color:#0066ff;font-size:clamp(0.875rem, 0.875rem + ((1vw - 0.2rem) * 0.542), 1.2rem);\"><strong>Vues de Florence<\/strong><br>&#8211; papier imprim\u00e9 italien &#8211;<\/p>\n\n\n\n<figure class=\"wp-block-image aligncenter size-large is-resized\"><img loading=\"lazy\" decoding=\"async\" width=\"768\" height=\"1024\" src=\"http:\/\/www.ellipse-creations.fr\/wp-content\/uploads\/2025\/03\/Boite-cylindrique-Florence-768x1024.jpg\" alt=\"\" class=\"wp-image-891\" style=\"width:406px\" srcset=\"https:\/\/www.ellipse-creations.fr\/wp-content\/uploads\/2025\/03\/Boite-cylindrique-Florence-768x1024.jpg 768w, https:\/\/www.ellipse-creations.fr\/wp-content\/uploads\/2025\/03\/Boite-cylindrique-Florence-225x300.jpg 225w, https:\/\/www.ellipse-creations.fr\/wp-content\/uploads\/2025\/03\/Boite-cylindrique-Florence-1152x1536.jpg 1152w, https:\/\/www.ellipse-creations.fr\/wp-content\/uploads\/2025\/03\/Boite-cylindrique-Florence.jpg 1512w\" sizes=\"auto, (max-width: 768px) 100vw, 768px\" \/><\/figure>\n","protected":false},"excerpt":{"rendered":"<p>avec ou sans couvercle Forme : cylindriqueTaille : hauteur = 10 \u00e0 22 cm \/ diam\u00e8tre = 14 \u00e0 21 cmPapier : papiers du catalogue ou papiers imprim\u00e9s du commercePrix : 60 \u00e0 100 \u20ac selon le mod\u00e8le Remarques :\u2022 certaines bo\u00eetes ont un couvercle et pas d&rsquo;autres\u2022 les bo\u00eetes pr\u00e9sent\u00e9es ici sont des exemples [&hellip;]<\/p>\n","protected":false},"author":1,"featured_media":0,"parent":0,"menu_order":0,"comment_status":"closed","ping_status":"closed","template":"","meta":{"footnotes":""},"class_list":["post-263","page","type-page","status-publish","hentry"],"_links":{"self":[{"href":"https:\/\/www.ellipse-creations.fr\/index.php\/wp-json\/wp\/v2\/pages\/263","targetHints":{"allow":["GET"]}}],"collection":[{"href":"https:\/\/www.ellipse-creations.fr\/index.php\/wp-json\/wp\/v2\/pages"}],"about":[{"href":"https:\/\/www.ellipse-creations.fr\/index.php\/wp-json\/wp\/v2\/types\/page"}],"author":[{"embeddable":true,"href":"https:\/\/www.ellipse-creations.fr\/index.php\/wp-json\/wp\/v2\/users\/1"}],"replies":[{"embeddable":true,"href":"https:\/\/www.ellipse-creations.fr\/index.php\/wp-json\/wp\/v2\/comments?post=263"}],"version-history":[{"count":19,"href":"https:\/\/www.ellipse-creations.fr\/index.php\/wp-json\/wp\/v2\/pages\/263\/revisions"}],"predecessor-version":[{"id":911,"href":"https:\/\/www.ellipse-creations.fr\/index.php\/wp-json\/wp\/v2\/pages\/263\/revisions\/911"}],"wp:attachment":[{"href":"https:\/\/www.ellipse-creations.fr\/index.php\/wp-json\/wp\/v2\/media?parent=263"}],"curies":[{"name":"wp","href":"https:\/\/api.w.org\/{rel}","templated":true}]}}